{"id":109,"date":"2017-03-17T16:06:22","date_gmt":"2017-03-17T15:06:22","guid":{"rendered":"http:\/\/lanufaktur.it\/?page_id=109"},"modified":"2024-04-14T10:52:49","modified_gmt":"2024-04-14T08:52:49","slug":"referenzen","status":"publish","type":"page","link":"https:\/\/lanufaktur.it\/?page_id=109","title":{"rendered":"Referenzen"},"content":{"rendered":"<div id=\"pl-109\"  class=\"panel-layout\" ><div id=\"pg-109-0\"  class=\"panel-grid panel-no-style\" ><div id=\"pgc-109-0-0\"  class=\"panel-grid-cell\" ><div id=\"panel-109-0-0-0\" class=\"so-panel widget widget_text panel-first-child panel-last-child\" data-index=\"0\" >\t\t\t<div class=\"textwidget\"><p>In den letzten Jahren haben viele Kunden auf unsere Expertiese vertraut. Hier finden Sie eine \u00dcbersicht einiger Unternehmen, welche von unserem KnowHow profitieren konnten.<\/p>\n<p>Viime vuosina monet asiakkaat ovat luottaneet asiantuntemukseemme. T\u00e4\u00e4lt\u00e4 l\u00f6yd\u00e4t yleiskatsauksen joistakin yrityksist\u00e4, jotka ovat hy\u00f6tyneet osaamisestamme.<\/p>\n<\/div>\n\t\t<\/div><\/div><\/div><div id=\"pg-109-1\"  class=\"panel-grid panel-no-style\" ><div id=\"pgc-109-1-0\"  class=\"panel-grid-cell panel-grid-cell-empty\" ><\/div><div id=\"pgc-109-1-1\"  class=\"panel-grid-cell panel-grid-cell-mobile-last\" ><div id=\"panel-109-1-1-0\" class=\"so-panel widget widget_sow-image panel-first-child panel-last-child\" data-index=\"1\" ><div\n\t\t\t\n\t\t\tclass=\"so-widget-sow-image so-widget-sow-image-default-c67d20f9f743-109\"\n\t\t\t\n\t\t>\n\n<div class=\"sow-image-container\">\n\t\t<img src=\"https:\/\/lanufaktur.it\/wp-content\/uploads\/2024\/04\/Elch_KI_generiert_3_logo_2-768x974.png\" width=\"768\" height=\"974\" srcset=\"https:\/\/lanufaktur.it\/wp-content\/uploads\/2024\/04\/Elch_KI_generiert_3_logo_2-768x974.png 768w, https:\/\/lanufaktur.it\/wp-content\/uploads\/2024\/04\/Elch_KI_generiert_3_logo_2-237x300.png 237w, https:\/\/lanufaktur.it\/wp-content\/uploads\/2024\/04\/Elch_KI_generiert_3_logo_2-807x1024.png 807w, https:\/\/lanufaktur.it\/wp-content\/uploads\/2024\/04\/Elch_KI_generiert_3_logo_2.png 894w\" sizes=\"(max-width: 768px) 100vw, 768px\" alt=\"\" loading=\"lazy\" \t\tclass=\"so-widget-image\"\/>\n\t<\/div>\n\n<\/div><\/div><\/div><div id=\"pgc-109-1-2\"  class=\"panel-grid-cell panel-grid-cell-empty\" ><\/div><\/div><\/div>","protected":false},"excerpt":{"rendered":"<p>In den letzten Jahren haben viele Kunden auf unsere Expertiese vertraut. Hier finden Sie eine \u00dcbersicht einiger Unternehmen, welche von unserem KnowHow profitieren konnten. Viime vuosina monet asiakkaat ovat luottaneet asiantuntemukseemme. T\u00e4\u00e4lt\u00e4 l\u00f6yd\u00e4t yleiskatsauksen joistakin yrityksist\u00e4, jotka ovat hy\u00f6tyneet osaamisestamme.<\/p>\n","protected":false},"author":1,"featured_media":0,"parent":0,"menu_order":0,"comment_status":"closed","ping_status":"closed","template":"","meta":[],"_links":{"self":[{"href":"https:\/\/lanufaktur.it\/index.php?rest_route=\/wp\/v2\/pages\/109"}],"collection":[{"href":"https:\/\/lanufaktur.it\/index.php?rest_route=\/wp\/v2\/pages"}],"about":[{"href":"https:\/\/lanufaktur.it\/index.php?rest_route=\/wp\/v2\/types\/page"}],"author":[{"embeddable":true,"href":"https:\/\/lanufaktur.it\/index.php?rest_route=\/wp\/v2\/users\/1"}],"replies":[{"embeddable":true,"href":"https:\/\/lanufaktur.it\/index.php?rest_route=%2Fwp%2Fv2%2Fcomments&post=109"}],"version-history":[{"count":35,"href":"https:\/\/lanufaktur.it\/index.php?rest_route=\/wp\/v2\/pages\/109\/revisions"}],"predecessor-version":[{"id":239,"href":"https:\/\/lanufaktur.it\/index.php?rest_route=\/wp\/v2\/pages\/109\/revisions\/239"}],"wp:attachment":[{"href":"https:\/\/lanufaktur.it\/index.php?rest_route=%2Fwp%2Fv2%2Fmedia&parent=109"}],"curies":[{"name":"wp","href":"https:\/\/api.w.org\/{rel}","templated":true}]}}