{"id":27,"date":"2017-03-16T13:26:57","date_gmt":"2017-03-16T12:26:57","guid":{"rendered":"http:\/\/lanufaktur.it\/?page_id=27"},"modified":"2024-03-09T02:09:17","modified_gmt":"2024-03-09T01:09:17","slug":"dienstleistungen","status":"publish","type":"page","link":"https:\/\/lanufaktur.it\/?page_id=27","title":{"rendered":"dienstleistungen"},"content":{"rendered":"<div id=\"pl-27\"  class=\"panel-layout\" ><div id=\"pg-27-0\"  class=\"panel-grid panel-no-style\" ><div id=\"pgc-27-0-0\"  class=\"panel-grid-cell\" ><div id=\"panel-27-0-0-0\" class=\"so-panel widget widget_text panel-first-child panel-last-child\" data-index=\"0\" >\t\t\t<div class=\"textwidget\"><p>Die lanufaktur ist ein auf Network Security Engineering ausgerichtetes Familienunternehmen. Wir sind seit \u00fcber 20 Jahren auf dem Markt aktiv und unterst\u00fctzen unsere Kunden beim Aufbau, der Erweiterung und dem Betrieb von sicheren und hochverf\u00fcgbaren IT-Netzwerken &#8211; egal ob on-premise oder in der Cloud.<\/p>\n<p>Auch bei der Umsetzung von Konzepten zu Strategien und rechtlichen Grundlagen, Beurteilung von Gefahren, Akteure, Aktivit\u00e4ten und Projekte zum Schutz Kritischer Infrastrukturen in Deutschland (KRITIS) so wie dem Aufbau von Infrastrukturen der Payment Card Industy (PCI-DSS) unterst\u00fctzen wir kompetent durch langj\u00e4hrige Projekterfahrungen. Die Durchf\u00fchrung von Penetrationtests, Vulnerability Analysis oder Zero-Knowledge Reporting rundet unsere Angebotsbandbreite ab.<\/p>\n<p>Seit 2019 wird unser Portfolio durch den Betrieb unseres Network Security Operation Center erg\u00e4nzt, welches gerade f\u00fcr kleine und mittelst\u00e4ndige Unternehmen ohne eigene Monitoringstrategie eine wertvolle Erg\u00e4nzung zur Gew\u00e4hrleistung der Verf\u00fcgbarkeit der IT-Infrastruktur und ihren Services erm\u00f6glicht.<\/p>\n<p>Die hierf\u00fcr notwendigie Infrastruktur betreiben wir in unseren Colo-Rechenzentren an den Standorten in N\u00fcrnberg und Helsinki, welche nach ISO\/IEC 27001 zertifiziert sind.<\/p>\n<p>####<\/p>\n<p>lanufaktuuri on verkkoturvatekniikkaan erikoistunut perheyritys. Olemme toimineet markkinoilla jo yli 20 vuotta ja tuemme asiakkaitamme turvallisten ja korkeasti k\u00e4ytett\u00e4viss\u00e4 olevien IT-verkkojen perustamisessa, laajentamisessa ja k\u00e4yt\u00f6ss\u00e4, olipa kyse sitten paikallisista tai pilvipalveluista.<\/p>\n<p>Tarjoamme my\u00f6s asiantuntevaa tukea strategioiden ja oikeusperustojen konseptien toteuttamisessa, uhkien, toimijoiden, toimintojen ja hankkeiden arvioinnissa kriittisten infrastruktuurien suojaamiseksi Saksassa (KRITIS) sek\u00e4 maksukorttiteollisuuden infrastruktuurien kehitt\u00e4misess\u00e4 (PCI-DSS) monivuotisen hankekokemuksen ansiosta. Tunkeutumistestien, haavoittuvuusanalyysien ja nollatietoraportoinnin toteuttaminen t\u00e4ydent\u00e4v\u00e4t palveluvalikoimaamme.<\/p>\n<p>Vuodesta 2019 l\u00e4htien valikoimaamme on t\u00e4ydennetty Network Security Operation Centre -toiminnalla, joka on arvokas lis\u00e4 IT-infrastruktuurin ja sen palveluiden k\u00e4ytett\u00e4vyyden varmistamisessa erityisesti pienille ja keskisuurille yrityksille, joilla ei ole omaa valvontastrategiaa.<\/p>\n<p>K\u00e4yt\u00e4mme tarvittavaa infrastruktuuria Colo-tietokeskuksissamme N\u00fcrnbergiss\u00e4 ja Helsingiss\u00e4, jotka on sertifioitu ISO\/IEC 27001 -standardin mukaisesti.<\/p>\n<\/div>\n\t\t<\/div><\/div><\/div><\/div>","protected":false},"excerpt":{"rendered":"<p>Die lanufaktur ist ein auf Network Security Engineering ausgerichtetes Familienunternehmen. Wir sind seit \u00fcber 20 Jahren auf dem Markt aktiv und unterst\u00fctzen unsere Kunden beim Aufbau, der Erweiterung und dem Betrieb von sicheren und hochverf\u00fcgbaren IT-Netzwerken &#8211; egal ob on-premise oder in der Cloud. Auch bei der Umsetzung von Konzepten zu Strategien und rechtlichen Grundlagen, [&hellip;]<\/p>\n","protected":false},"author":1,"featured_media":0,"parent":0,"menu_order":0,"comment_status":"closed","ping_status":"closed","template":"","meta":[],"_links":{"self":[{"href":"https:\/\/lanufaktur.it\/index.php?rest_route=\/wp\/v2\/pages\/27"}],"collection":[{"href":"https:\/\/lanufaktur.it\/index.php?rest_route=\/wp\/v2\/pages"}],"about":[{"href":"https:\/\/lanufaktur.it\/index.php?rest_route=\/wp\/v2\/types\/page"}],"author":[{"embeddable":true,"href":"https:\/\/lanufaktur.it\/index.php?rest_route=\/wp\/v2\/users\/1"}],"replies":[{"embeddable":true,"href":"https:\/\/lanufaktur.it\/index.php?rest_route=%2Fwp%2Fv2%2Fcomments&post=27"}],"version-history":[{"count":21,"href":"https:\/\/lanufaktur.it\/index.php?rest_route=\/wp\/v2\/pages\/27\/revisions"}],"predecessor-version":[{"id":124,"href":"https:\/\/lanufaktur.it\/index.php?rest_route=\/wp\/v2\/pages\/27\/revisions\/124"}],"wp:attachment":[{"href":"https:\/\/lanufaktur.it\/index.php?rest_route=%2Fwp%2Fv2%2Fmedia&parent=27"}],"curies":[{"name":"wp","href":"https:\/\/api.w.org\/{rel}","templated":true}]}}